{"id":11,"date":"2015-09-24T17:47:30","date_gmt":"2015-09-24T15:47:30","guid":{"rendered":"http:\/\/fleetkahn.de\/?page_id=11"},"modified":"2023-06-28T11:14:51","modified_gmt":"2023-06-28T09:14:51","slug":"startseite","status":"publish","type":"page","link":"http:\/\/fleetkahn.de\/","title":{"rendered":"Startseite"},"content":{"rendered":"<p><strong>Herzlich Willkommen auf unserer\u00a0 Internetseite<\/strong><\/p>\n<h3>Die Saison der Fleetk\u00e4hne geht von April bis Oktober.<br \/>\n<span style=\"color: #000000;\"><br \/>\n<\/span>Jeweils\u00a0 ab Donnerstags, am Wochenende und an Feiertagen werden \u00f6ffentliche Fahrten\u00a0 in der Zeit von 14 bis 17 Uhr angeboten. Genaue Termine und Karten erhalten Sie bei der<\/h3>\n<h3 class=\"oax_inline\">STADE Marketing und Tourismus GmbH<\/h3>\n<h4>in der Hansestra\u00dfe 16, 21682 Stade, Tel.: 04141-776980<br \/>\nBeliebt sind auch Kombi-Pakete mit Altstadtf\u00fchrungen und Kahnfahrten.<\/h4>\n<h4>F\u00fcr alle Fahrten k\u00f6nnen Sie sich auf der Internetseite: Stade-Tourismus.de anmelden. <a href=\"http:\/\/www.stade-tourismus.de\/de\/fleetkahn\" target=\"_blank\" rel=\"noopener noreferrer\">(klick hier)<\/a><\/h4>\n<h4>Seit 2004 schippert der Fleetkahn \u201eAurora\u201c \u00fcber den Stader Burggraben, vier Jahre sp\u00e4ter kam \u201eAugust\u201c hinzu. Zusammen haben sie mehr als 5400 Fahrten unternommen und dabei bis Oktober 2015 mehr als 100 000 G\u00e4ste transportiert. (2021 lagen wir bei 140 000 G\u00e4sten und es werden t\u00e4glich mehr)<br \/>\n18 ehrenamtliche Fleetkahnf\u00fchrer des Vereins k\u00fcmmern sich an Bord der Fleetk\u00e4hne um die maximal 22 G\u00e4ste. Sie alle haben einen Bootsf\u00fchrerschein und diverse Seminare zu Stadtgeschichte und Erste Hilfe hinter sich. Voll ausger\u00fcstet \u2013 auch mit einem f\u00fcnf PS starken Elektromotor \u2013 kosten die Fleetk\u00e4hne, die original im Spreewald gebaut worden sind, 25 000 Euro. Bei den Anschaffungen halfen LBS, Dow und VGH. Die Berufsbildenden Schulen bauten die Bootshalle am Holzhafen, wo die K\u00e4hne lagern.<\/h4>\n<p><iframe loading=\"lazy\" title=\"Fleetkahn - Alter Hafen Stade e. V.\" width=\"640\" height=\"360\" src=\"https:\/\/www.youtube.com\/embed\/eeaLAv6p32E?feature=oembed\" frameborder=\"0\" allow=\"accelerometer; autoplay; clipboard-write; encrypted-media; gyroscope; picture-in-picture; web-share\" referrerpolicy=\"strict-origin-when-cross-origin\" allowfullscreen><\/iframe><\/p>\n","protected":false},"excerpt":{"rendered":"<p>Herzlich Willkommen auf unserer\u00a0 Internetseite Die Saison der Fleetk\u00e4hne geht von April bis Oktober. Jeweils\u00a0 ab Donnerstags, am Wochenende und an Feiertagen werden \u00f6ffentliche Fahrten\u00a0 in der Zeit von 14 bis 17 Uhr angeboten. Genaue Termine und Karten erhalten Sie &hellip; <a href=\"http:\/\/fleetkahn.de\/\">Weiterlesen <span class=\"meta-nav\">&rarr;<\/span><\/a><\/p>\n","protected":false},"author":4,"featured_media":312,"parent":0,"menu_order":0,"comment_status":"closed","ping_status":"closed","template":"","meta":{"footnotes":""},"class_list":["post-11","page","type-page","status-publish","has-post-thumbnail","hentry"],"_links":{"self":[{"href":"http:\/\/fleetkahn.de\/index.php?rest_route=\/wp\/v2\/pages\/11","targetHints":{"allow":["GET"]}}],"collection":[{"href":"http:\/\/fleetkahn.de\/index.php?rest_route=\/wp\/v2\/pages"}],"about":[{"href":"http:\/\/fleetkahn.de\/index.php?rest_route=\/wp\/v2\/types\/page"}],"author":[{"embeddable":true,"href":"http:\/\/fleetkahn.de\/index.php?rest_route=\/wp\/v2\/users\/4"}],"replies":[{"embeddable":true,"href":"http:\/\/fleetkahn.de\/index.php?rest_route=%2Fwp%2Fv2%2Fcomments&post=11"}],"version-history":[{"count":35,"href":"http:\/\/fleetkahn.de\/index.php?rest_route=\/wp\/v2\/pages\/11\/revisions"}],"predecessor-version":[{"id":512,"href":"http:\/\/fleetkahn.de\/index.php?rest_route=\/wp\/v2\/pages\/11\/revisions\/512"}],"wp:featuredmedia":[{"embeddable":true,"href":"http:\/\/fleetkahn.de\/index.php?rest_route=\/wp\/v2\/media\/312"}],"wp:attachment":[{"href":"http:\/\/fleetkahn.de\/index.php?rest_route=%2Fwp%2Fv2%2Fmedia&parent=11"}],"curies":[{"name":"wp","href":"https:\/\/api.w.org\/{rel}","templated":true}]}}