{"id":31,"date":"2015-11-06T20:22:03","date_gmt":"2015-11-06T19:22:03","guid":{"rendered":"http:\/\/fleetkahn.de\/?page_id=31"},"modified":"2020-03-12T18:14:01","modified_gmt":"2020-03-12T17:14:01","slug":"ueber-uns","status":"publish","type":"page","link":"http:\/\/fleetkahn.de\/?page_id=31","title":{"rendered":"\u00fcber uns"},"content":{"rendered":"<h4>Einmal rund um die Altstadt von Stade fahren unsere beiden Fleetk\u00e4hne Aurora und August. Eine Stunde dauert eine Rundfahrt auf dem Burggraben und entlang der historischen Wallanlagen.<br \/>\nEiner von 18 ehrenamtlichen Fleetkahn-Kapit\u00e4nen erz\u00e4hlt dabei allerlei Wissenswertes \u00fcber die maritime Vergangenheit von Stade. Es werden \u00f6ffentliche Fahrten zu festen Terminen angeboten, au\u00dferdem k\u00f6nnen spezielle Gruppenfahrten (max. 30 Personen) gebucht werden.<\/h4>\n<h4>F\u00fcr alle Fahrten ist eine vorherige Anmeldung bei der <b><\/b><\/h4>\n<h3 class=\"oax_inline\">STADE Marketing und Tourismus GmbH<\/h3>\n<h4>Hansestr. 16 in 21682 Stade<br \/>\nTel. 0 41 41 \/ 776980 n\u00f6tig.<\/h4>\n","protected":false},"excerpt":{"rendered":"<p>Einmal rund um die Altstadt von Stade fahren unsere beiden Fleetk\u00e4hne Aurora und August. Eine Stunde dauert eine Rundfahrt auf dem Burggraben und entlang der historischen Wallanlagen. Einer von 18 ehrenamtlichen Fleetkahn-Kapit\u00e4nen erz\u00e4hlt dabei allerlei Wissenswertes \u00fcber die maritime Vergangenheit &hellip; <a href=\"http:\/\/fleetkahn.de\/?page_id=31\">Weiterlesen <span class=\"meta-nav\">&rarr;<\/span><\/a><\/p>\n","protected":false},"author":3,"featured_media":44,"parent":0,"menu_order":2,"comment_status":"closed","ping_status":"closed","template":"","meta":{"footnotes":""},"class_list":["post-31","page","type-page","status-publish","has-post-thumbnail","hentry"],"_links":{"self":[{"href":"http:\/\/fleetkahn.de\/index.php?rest_route=\/wp\/v2\/pages\/31","targetHints":{"allow":["GET"]}}],"collection":[{"href":"http:\/\/fleetkahn.de\/index.php?rest_route=\/wp\/v2\/pages"}],"about":[{"href":"http:\/\/fleetkahn.de\/index.php?rest_route=\/wp\/v2\/types\/page"}],"author":[{"embeddable":true,"href":"http:\/\/fleetkahn.de\/index.php?rest_route=\/wp\/v2\/users\/3"}],"replies":[{"embeddable":true,"href":"http:\/\/fleetkahn.de\/index.php?rest_route=%2Fwp%2Fv2%2Fcomments&post=31"}],"version-history":[{"count":8,"href":"http:\/\/fleetkahn.de\/index.php?rest_route=\/wp\/v2\/pages\/31\/revisions"}],"predecessor-version":[{"id":433,"href":"http:\/\/fleetkahn.de\/index.php?rest_route=\/wp\/v2\/pages\/31\/revisions\/433"}],"wp:featuredmedia":[{"embeddable":true,"href":"http:\/\/fleetkahn.de\/index.php?rest_route=\/wp\/v2\/media\/44"}],"wp:attachment":[{"href":"http:\/\/fleetkahn.de\/index.php?rest_route=%2Fwp%2Fv2%2Fmedia&parent=31"}],"curies":[{"name":"wp","href":"https:\/\/api.w.org\/{rel}","templated":true}]}}