{"id":347,"date":"2016-04-08T18:34:01","date_gmt":"2016-04-08T16:34:01","guid":{"rendered":"http:\/\/fleetkahn.de\/?page_id=347"},"modified":"2023-06-28T11:05:56","modified_gmt":"2023-06-28T09:05:56","slug":"fahrstrecke-burggraben","status":"publish","type":"page","link":"http:\/\/fleetkahn.de\/?page_id=347","title":{"rendered":"Fahrstrecke Burggraben"},"content":{"rendered":"<div id=\"paragraph_765903\" class=\"cols cols_3 paragraph_content_structure paragraph\">\n<div id=\"paragraph_765903_inner\" class=\"paragraph_content_structure_inner\">\n<div id=\"paragraph_765904\">\n<div id=\"paragraph_765904_inner\">\n<div id=\"paragraph_765905\">\n<div id=\"paragraph_765905_inner\">\n<ul>\n<li>Die Fleetk\u00e4hne befahren den Burggraben.<\/li>\n<li>Die Fahrten beginnen am Holzhafen.<\/li>\n<li>Sie f\u00fchren unter der Hansebr\u00fccke hindurch, an der Museumsinsel entlang und weiter an der K\u00f6nigsmarckbastion, an der Erleninsel und am ehemaligen Schiffertor vorbei.Weiter geht es entlang des Stadeums und der Jugendherberge bis zu den Stadtvillen in der Parkstra\u00dfe. Von dort f\u00fchrt die Tour langsam wieder zur\u00fcck zum Ausgangspunkt.<\/li>\n<li>F\u00fcr alle Fahrten gilt:<\/li>\n<li>Der Einstieg ist nicht barrierefrei.<\/li>\n<li>Sitzplatzkapazit\u00e4t pro Kahn: 22 Personen<\/li>\n<\/ul>\n<\/div>\n<\/div>\n<\/div>\n<\/div>\n<div id=\"paragraph_765908\" class=\"paragraph_text paragraph\">\n<div id=\"paragraph_765908_inner\" class=\"paragraph_text_inner\"><strong>Der Kahn &#8222;August&#8220;<\/strong> verf\u00fcgt \u00fcbrigens auch \u00fcber Tische, deshalb besteht bei diesem Kahn die M\u00f6glichkeit, Verpflegung mit an Bord zu bringen.<\/div>\n<div class=\"paragraph_text_inner\">Witterungsbedingte Fahrplan\u00e4nderungen m\u00f6glich!\n<p>\u00a0<\/p>\n<\/div>\n<\/div>\n<\/div>\n<\/div>\n\n\n<p><\/p>\n","protected":false},"excerpt":{"rendered":"<p>Die Fleetk\u00e4hne befahren den Burggraben. Die Fahrten beginnen am Holzhafen. Sie f\u00fchren unter der Hansebr\u00fccke hindurch, an der Museumsinsel entlang und weiter an der K\u00f6nigsmarckbastion, an der Erleninsel und am ehemaligen Schiffertor vorbei.Weiter geht es entlang des Stadeums und der &hellip; <a href=\"http:\/\/fleetkahn.de\/?page_id=347\">Weiterlesen <span class=\"meta-nav\">&rarr;<\/span><\/a><\/p>\n","protected":false},"author":4,"featured_media":0,"parent":0,"menu_order":4,"comment_status":"closed","ping_status":"closed","template":"","meta":{"footnotes":""},"class_list":["post-347","page","type-page","status-publish","hentry"],"_links":{"self":[{"href":"http:\/\/fleetkahn.de\/index.php?rest_route=\/wp\/v2\/pages\/347","targetHints":{"allow":["GET"]}}],"collection":[{"href":"http:\/\/fleetkahn.de\/index.php?rest_route=\/wp\/v2\/pages"}],"about":[{"href":"http:\/\/fleetkahn.de\/index.php?rest_route=\/wp\/v2\/types\/page"}],"author":[{"embeddable":true,"href":"http:\/\/fleetkahn.de\/index.php?rest_route=\/wp\/v2\/users\/4"}],"replies":[{"embeddable":true,"href":"http:\/\/fleetkahn.de\/index.php?rest_route=%2Fwp%2Fv2%2Fcomments&post=347"}],"version-history":[{"count":5,"href":"http:\/\/fleetkahn.de\/index.php?rest_route=\/wp\/v2\/pages\/347\/revisions"}],"predecessor-version":[{"id":504,"href":"http:\/\/fleetkahn.de\/index.php?rest_route=\/wp\/v2\/pages\/347\/revisions\/504"}],"wp:attachment":[{"href":"http:\/\/fleetkahn.de\/index.php?rest_route=%2Fwp%2Fv2%2Fmedia&parent=347"}],"curies":[{"name":"wp","href":"https:\/\/api.w.org\/{rel}","templated":true}]}}